{"id":5181,"date":"2021-12-22T09:44:40","date_gmt":"2021-12-22T08:44:40","guid":{"rendered":"https:\/\/vetedy.vous.lu\/fragebogen-zur-kontaktaufnahme\/"},"modified":"2023-07-11T15:55:36","modified_gmt":"2023-07-11T13:55:36","slug":"fragebogen-zur-kontaktaufnahme","status":"publish","type":"page","link":"https:\/\/vetedy.vous.lu\/de\/fragebogen-zur-kontaktaufnahme\/","title":{"rendered":"zur Kontaktaufnahme"},"content":{"rendered":"\n<div id=\"block_02bcc2608f72da10e663a8a3074e7e6d\" class=\"WizardHeader\" style=\"background-image: url(https:\/\/vetedy.vous.lu\/app\/uploads\/2022\/03\/black-background-1468370534d5s.jpg);\">\n    <div class=\"container\">\n        <div class=\"WizardHeader-texts\">\n            <h1>Eine einfache, pr\u00e4zise &amp; schnell.<\/h1>\n<p>Unser Kontaktformular soll Ihnen dabei helfen, den f\u00fcr Sie passenden Ansprechpartner zu finden. W\u00e4hlen Sie einfach direkt unten Ihr Profil aus, ob Sie Privatperson oder Profi sind, und w\u00e4hlen Sie dann aus, ob Sie einen Ausstellungsraum besuchen oder uns Ihr Terrassen- und\/oder Verkleidungsprojekt vorstellen m\u00f6chten.<\/p>\n<p><strong style=\"font-size: 18px;\">info@vetedy.vous.lu<\/strong><br \/>\n<strong style=\"font-size: 18px;\">39 Rte d&#8217;Arlon, 8410 Steinfort<\/strong><\/p>\n        <\/div>\n        <div class=\"WizardHeader-steps\">\n            <ul class=\"FormSteps\">\n                                    <li class=\"FormStep\">\n                        <div class=\"FormStep-icon\">\n                            <i class=\"fal fa-user\"><\/i>                        <\/div>\n                        <div class=\"FormStep-text\">\n                            <span class=\"FormStep-text-number\">01.&nbsp;<\/span>\n                            <span class=\"FormStep-text-title\">Ihr Profil<\/span>\n                        <\/div>\n                    <\/li>\n                                    <li class=\"FormStep\">\n                        <div class=\"FormStep-icon\">\n                            <i class=\"fal fa-search\"><\/i>                        <\/div>\n                        <div class=\"FormStep-text\">\n                            <span class=\"FormStep-text-number\">02.&nbsp;<\/span>\n                            <span class=\"FormStep-text-title\">Ihre Fragen<\/span>\n                        <\/div>\n                    <\/li>\n                                    <li class=\"FormStep\">\n                        <div class=\"FormStep-icon\">\n                            <i class=\"fal fa-user-headset\"><\/i>                        <\/div>\n                        <div class=\"FormStep-text\">\n                            <span class=\"FormStep-text-number\">03.&nbsp;<\/span>\n                            <span class=\"FormStep-text-title\">Sie erhalten so schnell wie m\u00f6glich eine Antwort<\/span>\n                        <\/div>\n                    <\/li>\n                            <\/ul>\n        <\/div>\n    <\/div>\n<\/div>\n","protected":false},"excerpt":{"rendered":"","protected":false},"author":1,"featured_media":0,"parent":0,"menu_order":0,"comment_status":"closed","ping_status":"closed","template":"templates\/contact-wizard.php","meta":{"_acf_changed":false,"footnotes":""},"class_list":["post-5181","page","type-page","status-publish","hentry"],"acf":[],"yoast_head":"<!-- This site is optimized with the Yoast SEO plugin v26.3 - https:\/\/yoast.com\/wordpress\/plugins\/seo\/ -->\n<title>zur Kontaktaufnahme &#183; Vetedy<\/title>\n<meta name=\"robots\" content=\"index, follow, max-snippet:-1, max-image-preview:large, max-video-preview:-1\" \/>\n<link rel=\"canonical\" href=\"https:\/\/vetedy.vous.lu\/de\/fragebogen-zur-kontaktaufnahme\/\" \/>\n<meta property=\"og:locale\" content=\"de_DE\" \/>\n<meta property=\"og:type\" content=\"article\" \/>\n<meta property=\"og:title\" content=\"zur Kontaktaufnahme &#183; Vetedy\" \/>\n<meta property=\"og:url\" content=\"https:\/\/vetedy.vous.lu\/de\/fragebogen-zur-kontaktaufnahme\/\" \/>\n<meta property=\"og:site_name\" content=\"Vetedy\" \/>\n<meta property=\"article:publisher\" content=\"https:\/\/www.facebook.com\/Vetedy\" \/>\n<meta property=\"article:modified_time\" content=\"2023-07-11T13:55:36+00:00\" \/>\n<meta property=\"og:image\" content=\"https:\/\/vetedy.vous.lu\/app\/uploads\/2022\/10\/open-graph.png\" \/>\n\t<meta property=\"og:image:width\" content=\"1600\" \/>\n\t<meta property=\"og:image:height\" content=\"1067\" \/>\n\t<meta property=\"og:image:type\" content=\"image\/png\" \/>\n<meta name=\"twitter:card\" content=\"summary_large_image\" \/>\n<script type=\"application\/ld+json\" class=\"yoast-schema-graph\">{\"@context\":\"https:\/\/schema.org\",\"@graph\":[{\"@type\":\"WebPage\",\"@id\":\"https:\/\/vetedy.vous.lu\/de\/fragebogen-zur-kontaktaufnahme\/\",\"url\":\"https:\/\/vetedy.vous.lu\/de\/fragebogen-zur-kontaktaufnahme\/\",\"name\":\"zur Kontaktaufnahme &#183; Vetedy\",\"isPartOf\":{\"@id\":\"https:\/\/vetedy.vous.lu\/fr\/#website\"},\"datePublished\":\"2021-12-22T08:44:40+00:00\",\"dateModified\":\"2023-07-11T13:55:36+00:00\",\"breadcrumb\":{\"@id\":\"https:\/\/vetedy.vous.lu\/de\/fragebogen-zur-kontaktaufnahme\/#breadcrumb\"},\"inLanguage\":\"de-DE\",\"potentialAction\":[{\"@type\":\"ReadAction\",\"target\":[\"https:\/\/vetedy.vous.lu\/de\/fragebogen-zur-kontaktaufnahme\/\"]}]},{\"@type\":\"BreadcrumbList\",\"@id\":\"https:\/\/vetedy.vous.lu\/de\/fragebogen-zur-kontaktaufnahme\/#breadcrumb\",\"itemListElement\":[{\"@type\":\"ListItem\",\"position\":1,\"name\":\"Home\",\"item\":\"https:\/\/vetedy.vous.lu\/de\/\"},{\"@type\":\"ListItem\",\"position\":2,\"name\":\"zur Kontaktaufnahme\"}]},{\"@type\":\"WebSite\",\"@id\":\"https:\/\/vetedy.vous.lu\/fr\/#website\",\"url\":\"https:\/\/vetedy.vous.lu\/fr\/\",\"name\":\"Vetedy\",\"description\":\"Syst\u00e8mes de terrasses et bardages en bois \u00e0 fixations invisibles\",\"publisher\":{\"@id\":\"https:\/\/vetedy.vous.lu\/fr\/#organization\"},\"alternateName\":\"Vetedy WOOD DECKING SYSTEMS AND WOOD FACADES WITH INVISIBLE FASTENERS\",\"potentialAction\":[{\"@type\":\"SearchAction\",\"target\":{\"@type\":\"EntryPoint\",\"urlTemplate\":\"https:\/\/vetedy.vous.lu\/fr\/?s={search_term_string}\"},\"query-input\":{\"@type\":\"PropertyValueSpecification\",\"valueRequired\":true,\"valueName\":\"search_term_string\"}}],\"inLanguage\":\"de-DE\"},{\"@type\":\"Organization\",\"@id\":\"https:\/\/vetedy.vous.lu\/fr\/#organization\",\"name\":\"Vetedy S.A\",\"alternateName\":\"Vetedy S.A WOOD DECKING SYSTEMS AND WOOD FACADES WITH INVISIBLE FASTENERS\",\"url\":\"https:\/\/vetedy.vous.lu\/fr\/\",\"logo\":{\"@type\":\"ImageObject\",\"inLanguage\":\"de-DE\",\"@id\":\"https:\/\/vetedy.vous.lu\/fr\/#\/schema\/logo\/image\/\",\"url\":\"https:\/\/vetedy.vous.lu\/app\/uploads\/2022\/10\/Logo-Vetedy-transparent.png\",\"contentUrl\":\"https:\/\/vetedy.vous.lu\/app\/uploads\/2022\/10\/Logo-Vetedy-transparent.png\",\"width\":1080,\"height\":1080,\"caption\":\"Vetedy S.A\"},\"image\":{\"@id\":\"https:\/\/vetedy.vous.lu\/fr\/#\/schema\/logo\/image\/\"},\"sameAs\":[\"https:\/\/www.facebook.com\/Vetedy\",\"https:\/\/www.linkedin.com\/company\/vetedy-group\",\"https:\/\/www.instagram.com\/vetedy_official\",\"https:\/\/www.pinterest.fr\/vetedy\/\"]}]}<\/script>\n<!-- \/ Yoast SEO plugin. -->","yoast_head_json":{"title":"zur Kontaktaufnahme &#183; Vetedy","robots":{"index":"index","follow":"follow","max-snippet":"max-snippet:-1","max-image-preview":"max-image-preview:large","max-video-preview":"max-video-preview:-1"},"canonical":"https:\/\/vetedy.vous.lu\/de\/fragebogen-zur-kontaktaufnahme\/","og_locale":"de_DE","og_type":"article","og_title":"zur Kontaktaufnahme &#183; Vetedy","og_url":"https:\/\/vetedy.vous.lu\/de\/fragebogen-zur-kontaktaufnahme\/","og_site_name":"Vetedy","article_publisher":"https:\/\/www.facebook.com\/Vetedy","article_modified_time":"2023-07-11T13:55:36+00:00","og_image":[{"width":1600,"height":1067,"url":"https:\/\/vetedy.vous.lu\/app\/uploads\/2022\/10\/open-graph.png","type":"image\/png"}],"twitter_card":"summary_large_image","schema":{"@context":"https:\/\/schema.org","@graph":[{"@type":"WebPage","@id":"https:\/\/vetedy.vous.lu\/de\/fragebogen-zur-kontaktaufnahme\/","url":"https:\/\/vetedy.vous.lu\/de\/fragebogen-zur-kontaktaufnahme\/","name":"zur Kontaktaufnahme &#183; Vetedy","isPartOf":{"@id":"https:\/\/vetedy.vous.lu\/fr\/#website"},"datePublished":"2021-12-22T08:44:40+00:00","dateModified":"2023-07-11T13:55:36+00:00","breadcrumb":{"@id":"https:\/\/vetedy.vous.lu\/de\/fragebogen-zur-kontaktaufnahme\/#breadcrumb"},"inLanguage":"de-DE","potentialAction":[{"@type":"ReadAction","target":["https:\/\/vetedy.vous.lu\/de\/fragebogen-zur-kontaktaufnahme\/"]}]},{"@type":"BreadcrumbList","@id":"https:\/\/vetedy.vous.lu\/de\/fragebogen-zur-kontaktaufnahme\/#breadcrumb","itemListElement":[{"@type":"ListItem","position":1,"name":"Home","item":"https:\/\/vetedy.vous.lu\/de\/"},{"@type":"ListItem","position":2,"name":"zur Kontaktaufnahme"}]},{"@type":"WebSite","@id":"https:\/\/vetedy.vous.lu\/fr\/#website","url":"https:\/\/vetedy.vous.lu\/fr\/","name":"Vetedy","description":"Syst\u00e8mes de terrasses et bardages en bois \u00e0 fixations invisibles","publisher":{"@id":"https:\/\/vetedy.vous.lu\/fr\/#organization"},"alternateName":"Vetedy WOOD DECKING SYSTEMS AND WOOD FACADES WITH INVISIBLE FASTENERS","potentialAction":[{"@type":"SearchAction","target":{"@type":"EntryPoint","urlTemplate":"https:\/\/vetedy.vous.lu\/fr\/?s={search_term_string}"},"query-input":{"@type":"PropertyValueSpecification","valueRequired":true,"valueName":"search_term_string"}}],"inLanguage":"de-DE"},{"@type":"Organization","@id":"https:\/\/vetedy.vous.lu\/fr\/#organization","name":"Vetedy S.A","alternateName":"Vetedy S.A WOOD DECKING SYSTEMS AND WOOD FACADES WITH INVISIBLE FASTENERS","url":"https:\/\/vetedy.vous.lu\/fr\/","logo":{"@type":"ImageObject","inLanguage":"de-DE","@id":"https:\/\/vetedy.vous.lu\/fr\/#\/schema\/logo\/image\/","url":"https:\/\/vetedy.vous.lu\/app\/uploads\/2022\/10\/Logo-Vetedy-transparent.png","contentUrl":"https:\/\/vetedy.vous.lu\/app\/uploads\/2022\/10\/Logo-Vetedy-transparent.png","width":1080,"height":1080,"caption":"Vetedy S.A"},"image":{"@id":"https:\/\/vetedy.vous.lu\/fr\/#\/schema\/logo\/image\/"},"sameAs":["https:\/\/www.facebook.com\/Vetedy","https:\/\/www.linkedin.com\/company\/vetedy-group","https:\/\/www.instagram.com\/vetedy_official","https:\/\/www.pinterest.fr\/vetedy\/"]}]}},"_links":{"self":[{"href":"https:\/\/vetedy.vous.lu\/de\/wp-json\/wp\/v2\/pages\/5181","targetHints":{"allow":["GET"]}}],"collection":[{"href":"https:\/\/vetedy.vous.lu\/de\/wp-json\/wp\/v2\/pages"}],"about":[{"href":"https:\/\/vetedy.vous.lu\/de\/wp-json\/wp\/v2\/types\/page"}],"author":[{"embeddable":true,"href":"https:\/\/vetedy.vous.lu\/de\/wp-json\/wp\/v2\/users\/1"}],"replies":[{"embeddable":true,"href":"https:\/\/vetedy.vous.lu\/de\/wp-json\/wp\/v2\/comments?post=5181"}],"version-history":[{"count":17,"href":"https:\/\/vetedy.vous.lu\/de\/wp-json\/wp\/v2\/pages\/5181\/revisions"}],"predecessor-version":[{"id":19119,"href":"https:\/\/vetedy.vous.lu\/de\/wp-json\/wp\/v2\/pages\/5181\/revisions\/19119"}],"wp:attachment":[{"href":"https:\/\/vetedy.vous.lu\/de\/wp-json\/wp\/v2\/media?parent=5181"}],"curies":[{"name":"wp","href":"https:\/\/api.w.org\/{rel}","templated":true}]}}