{"id":60,"date":"2021-07-22T14:53:43","date_gmt":"2021-07-22T12:53:43","guid":{"rendered":"https:\/\/vetedy.vous.lu\/?page_id=60"},"modified":"2023-04-06T10:44:47","modified_gmt":"2023-04-06T08:44:47","slug":"terrases-bois-facades-bois-inspiration","status":"publish","type":"page","link":"https:\/\/vetedy.vous.lu\/fr\/terrases-bois-facades-bois-inspiration\/","title":{"rendered":"Inspiration"},"content":{"rendered":"","protected":false},"excerpt":{"rendered":"","protected":false},"author":1,"featured_media":0,"parent":0,"menu_order":0,"comment_status":"closed","ping_status":"closed","template":"templates\/inspiration.php","meta":{"_acf_changed":false,"footnotes":""},"class_list":["post-60","page","type-page","status-publish","hentry"],"acf":[],"yoast_head":"<!-- This site is optimized with the Yoast SEO plugin v26.3 - https:\/\/yoast.com\/wordpress\/plugins\/seo\/ -->\n<title>Galerie photo inspirationnelle &#183; terrasses &amp; bardages bois &#183; Vetedy<\/title>\n<meta name=\"description\" content=\"Galerie photos de terrasses en bois et fa\u00e7ades en bois r\u00e9alis\u00e9e avec les essences de bois et fixations par Vetedy. Inspiration terrasses &amp; fa\u00e7ades\" \/>\n<meta name=\"robots\" content=\"index, follow, max-snippet:-1, max-image-preview:large, max-video-preview:-1\" \/>\n<link rel=\"canonical\" href=\"https:\/\/vetedy.vous.lu\/fr\/terrases-bois-facades-bois-inspiration\/\" \/>\n<meta property=\"og:locale\" content=\"fr_FR\" \/>\n<meta property=\"og:type\" content=\"article\" \/>\n<meta property=\"og:title\" content=\"Galerie photo inspirationnelle &#183; terrasses &amp; bardages bois &#183; Vetedy\" \/>\n<meta property=\"og:description\" content=\"Galerie photos de terrasses en bois et fa\u00e7ades en bois r\u00e9alis\u00e9e avec les essences de bois et fixations par Vetedy. Inspiration terrasses &amp; fa\u00e7ades\" \/>\n<meta property=\"og:url\" content=\"https:\/\/vetedy.vous.lu\/fr\/terrases-bois-facades-bois-inspiration\/\" \/>\n<meta property=\"og:site_name\" content=\"Vetedy\" \/>\n<meta property=\"article:publisher\" content=\"https:\/\/www.facebook.com\/Vetedy\" \/>\n<meta property=\"article:modified_time\" content=\"2023-04-06T08:44:47+00:00\" \/>\n<meta property=\"og:image\" content=\"https:\/\/vetedy.vous.lu\/app\/uploads\/2022\/10\/open-graph.png\" \/>\n\t<meta property=\"og:image:width\" content=\"1600\" \/>\n\t<meta property=\"og:image:height\" content=\"1067\" \/>\n\t<meta property=\"og:image:type\" content=\"image\/png\" \/>\n<meta name=\"twitter:card\" content=\"summary_large_image\" \/>\n<script type=\"application\/ld+json\" class=\"yoast-schema-graph\">{\"@context\":\"https:\/\/schema.org\",\"@graph\":[{\"@type\":\"WebPage\",\"@id\":\"https:\/\/vetedy.vous.lu\/fr\/terrases-bois-facades-bois-inspiration\/\",\"url\":\"https:\/\/vetedy.vous.lu\/fr\/terrases-bois-facades-bois-inspiration\/\",\"name\":\"Galerie photo inspirationnelle &#183; terrasses & bardages bois &#183; Vetedy\",\"isPartOf\":{\"@id\":\"https:\/\/vetedy.vous.lu\/fr\/#website\"},\"datePublished\":\"2021-07-22T12:53:43+00:00\",\"dateModified\":\"2023-04-06T08:44:47+00:00\",\"description\":\"Galerie photos de terrasses en bois et fa\u00e7ades en bois r\u00e9alis\u00e9e avec les essences de bois et fixations par Vetedy. Inspiration terrasses & fa\u00e7ades\",\"breadcrumb\":{\"@id\":\"https:\/\/vetedy.vous.lu\/fr\/terrases-bois-facades-bois-inspiration\/#breadcrumb\"},\"inLanguage\":\"fr-FR\",\"potentialAction\":[{\"@type\":\"ReadAction\",\"target\":[\"https:\/\/vetedy.vous.lu\/fr\/terrases-bois-facades-bois-inspiration\/\"]}]},{\"@type\":\"BreadcrumbList\",\"@id\":\"https:\/\/vetedy.vous.lu\/fr\/terrases-bois-facades-bois-inspiration\/#breadcrumb\",\"itemListElement\":[{\"@type\":\"ListItem\",\"position\":1,\"name\":\"Home\",\"item\":\"https:\/\/vetedy.vous.lu\/fr\/\"},{\"@type\":\"ListItem\",\"position\":2,\"name\":\"Inspiration\"}]},{\"@type\":\"WebSite\",\"@id\":\"https:\/\/vetedy.vous.lu\/fr\/#website\",\"url\":\"https:\/\/vetedy.vous.lu\/fr\/\",\"name\":\"Vetedy\",\"description\":\"Syst\u00e8mes de terrasses et bardages en bois \u00e0 fixations invisibles\",\"publisher\":{\"@id\":\"https:\/\/vetedy.vous.lu\/fr\/#organization\"},\"alternateName\":\"Vetedy WOOD DECKING SYSTEMS AND WOOD FACADES WITH INVISIBLE FASTENERS\",\"potentialAction\":[{\"@type\":\"SearchAction\",\"target\":{\"@type\":\"EntryPoint\",\"urlTemplate\":\"https:\/\/vetedy.vous.lu\/fr\/?s={search_term_string}\"},\"query-input\":{\"@type\":\"PropertyValueSpecification\",\"valueRequired\":true,\"valueName\":\"search_term_string\"}}],\"inLanguage\":\"fr-FR\"},{\"@type\":\"Organization\",\"@id\":\"https:\/\/vetedy.vous.lu\/fr\/#organization\",\"name\":\"Vetedy S.A\",\"alternateName\":\"Vetedy S.A WOOD DECKING SYSTEMS AND WOOD FACADES WITH INVISIBLE FASTENERS\",\"url\":\"https:\/\/vetedy.vous.lu\/fr\/\",\"logo\":{\"@type\":\"ImageObject\",\"inLanguage\":\"fr-FR\",\"@id\":\"https:\/\/vetedy.vous.lu\/fr\/#\/schema\/logo\/image\/\",\"url\":\"https:\/\/vetedy.vous.lu\/app\/uploads\/2022\/10\/Logo-Vetedy-transparent.png\",\"contentUrl\":\"https:\/\/vetedy.vous.lu\/app\/uploads\/2022\/10\/Logo-Vetedy-transparent.png\",\"width\":1080,\"height\":1080,\"caption\":\"Vetedy S.A\"},\"image\":{\"@id\":\"https:\/\/vetedy.vous.lu\/fr\/#\/schema\/logo\/image\/\"},\"sameAs\":[\"https:\/\/www.facebook.com\/Vetedy\",\"https:\/\/www.linkedin.com\/company\/vetedy-group\",\"https:\/\/www.instagram.com\/vetedy_official\",\"https:\/\/www.pinterest.fr\/vetedy\/\"]}]}<\/script>\n<!-- \/ Yoast SEO plugin. -->","yoast_head_json":{"title":"Galerie photo inspirationnelle &#183; terrasses & bardages bois &#183; Vetedy","description":"Galerie photos de terrasses en bois et fa\u00e7ades en bois r\u00e9alis\u00e9e avec les essences de bois et fixations par Vetedy. Inspiration terrasses & fa\u00e7ades","robots":{"index":"index","follow":"follow","max-snippet":"max-snippet:-1","max-image-preview":"max-image-preview:large","max-video-preview":"max-video-preview:-1"},"canonical":"https:\/\/vetedy.vous.lu\/fr\/terrases-bois-facades-bois-inspiration\/","og_locale":"fr_FR","og_type":"article","og_title":"Galerie photo inspirationnelle &#183; terrasses & bardages bois &#183; Vetedy","og_description":"Galerie photos de terrasses en bois et fa\u00e7ades en bois r\u00e9alis\u00e9e avec les essences de bois et fixations par Vetedy. Inspiration terrasses & fa\u00e7ades","og_url":"https:\/\/vetedy.vous.lu\/fr\/terrases-bois-facades-bois-inspiration\/","og_site_name":"Vetedy","article_publisher":"https:\/\/www.facebook.com\/Vetedy","article_modified_time":"2023-04-06T08:44:47+00:00","og_image":[{"width":1600,"height":1067,"url":"https:\/\/vetedy.vous.lu\/app\/uploads\/2022\/10\/open-graph.png","type":"image\/png"}],"twitter_card":"summary_large_image","schema":{"@context":"https:\/\/schema.org","@graph":[{"@type":"WebPage","@id":"https:\/\/vetedy.vous.lu\/fr\/terrases-bois-facades-bois-inspiration\/","url":"https:\/\/vetedy.vous.lu\/fr\/terrases-bois-facades-bois-inspiration\/","name":"Galerie photo inspirationnelle &#183; terrasses & bardages bois &#183; Vetedy","isPartOf":{"@id":"https:\/\/vetedy.vous.lu\/fr\/#website"},"datePublished":"2021-07-22T12:53:43+00:00","dateModified":"2023-04-06T08:44:47+00:00","description":"Galerie photos de terrasses en bois et fa\u00e7ades en bois r\u00e9alis\u00e9e avec les essences de bois et fixations par Vetedy. Inspiration terrasses & fa\u00e7ades","breadcrumb":{"@id":"https:\/\/vetedy.vous.lu\/fr\/terrases-bois-facades-bois-inspiration\/#breadcrumb"},"inLanguage":"fr-FR","potentialAction":[{"@type":"ReadAction","target":["https:\/\/vetedy.vous.lu\/fr\/terrases-bois-facades-bois-inspiration\/"]}]},{"@type":"BreadcrumbList","@id":"https:\/\/vetedy.vous.lu\/fr\/terrases-bois-facades-bois-inspiration\/#breadcrumb","itemListElement":[{"@type":"ListItem","position":1,"name":"Home","item":"https:\/\/vetedy.vous.lu\/fr\/"},{"@type":"ListItem","position":2,"name":"Inspiration"}]},{"@type":"WebSite","@id":"https:\/\/vetedy.vous.lu\/fr\/#website","url":"https:\/\/vetedy.vous.lu\/fr\/","name":"Vetedy","description":"Syst\u00e8mes de terrasses et bardages en bois \u00e0 fixations invisibles","publisher":{"@id":"https:\/\/vetedy.vous.lu\/fr\/#organization"},"alternateName":"Vetedy WOOD DECKING SYSTEMS AND WOOD FACADES WITH INVISIBLE FASTENERS","potentialAction":[{"@type":"SearchAction","target":{"@type":"EntryPoint","urlTemplate":"https:\/\/vetedy.vous.lu\/fr\/?s={search_term_string}"},"query-input":{"@type":"PropertyValueSpecification","valueRequired":true,"valueName":"search_term_string"}}],"inLanguage":"fr-FR"},{"@type":"Organization","@id":"https:\/\/vetedy.vous.lu\/fr\/#organization","name":"Vetedy S.A","alternateName":"Vetedy S.A WOOD DECKING SYSTEMS AND WOOD FACADES WITH INVISIBLE FASTENERS","url":"https:\/\/vetedy.vous.lu\/fr\/","logo":{"@type":"ImageObject","inLanguage":"fr-FR","@id":"https:\/\/vetedy.vous.lu\/fr\/#\/schema\/logo\/image\/","url":"https:\/\/vetedy.vous.lu\/app\/uploads\/2022\/10\/Logo-Vetedy-transparent.png","contentUrl":"https:\/\/vetedy.vous.lu\/app\/uploads\/2022\/10\/Logo-Vetedy-transparent.png","width":1080,"height":1080,"caption":"Vetedy S.A"},"image":{"@id":"https:\/\/vetedy.vous.lu\/fr\/#\/schema\/logo\/image\/"},"sameAs":["https:\/\/www.facebook.com\/Vetedy","https:\/\/www.linkedin.com\/company\/vetedy-group","https:\/\/www.instagram.com\/vetedy_official","https:\/\/www.pinterest.fr\/vetedy\/"]}]}},"_links":{"self":[{"href":"https:\/\/vetedy.vous.lu\/fr\/wp-json\/wp\/v2\/pages\/60","targetHints":{"allow":["GET"]}}],"collection":[{"href":"https:\/\/vetedy.vous.lu\/fr\/wp-json\/wp\/v2\/pages"}],"about":[{"href":"https:\/\/vetedy.vous.lu\/fr\/wp-json\/wp\/v2\/types\/page"}],"author":[{"embeddable":true,"href":"https:\/\/vetedy.vous.lu\/fr\/wp-json\/wp\/v2\/users\/1"}],"replies":[{"embeddable":true,"href":"https:\/\/vetedy.vous.lu\/fr\/wp-json\/wp\/v2\/comments?post=60"}],"version-history":[{"count":1,"href":"https:\/\/vetedy.vous.lu\/fr\/wp-json\/wp\/v2\/pages\/60\/revisions"}],"predecessor-version":[{"id":61,"href":"https:\/\/vetedy.vous.lu\/fr\/wp-json\/wp\/v2\/pages\/60\/revisions\/61"}],"wp:attachment":[{"href":"https:\/\/vetedy.vous.lu\/fr\/wp-json\/wp\/v2\/media?parent=60"}],"curies":[{"name":"wp","href":"https:\/\/api.w.org\/{rel}","templated":true}]}}